{"id":1677,"date":"2024-12-17T11:29:38","date_gmt":"2024-12-17T11:29:38","guid":{"rendered":"https:\/\/oxigenolagunaazul.com\/staging\/?page_id=1677"},"modified":"2024-12-17T11:43:49","modified_gmt":"2024-12-17T11:43:49","slug":"privacy-policy","status":"publish","type":"page","link":"https:\/\/oxigenolagunaazul.com\/staging\/privacy-policy\/","title":{"rendered":"Privacy Policy"},"content":{"rendered":"<style>.elementor-1677 .elementor-element.elementor-element-d353a40{--display:flex;--flex-direction:column;--container-widget-width:100%;--container-widget-height:initial;--container-widget-flex-grow:0;--container-widget-align-self:initial;--flex-wrap-mobile:wrap;--padding-top:80px;--padding-bottom:80px;--padding-left:0px;--padding-right:0px;}.elementor-1677 .elementor-element.elementor-element-a024495 > .elementor-widget-container{margin:30px 0px 0px 0px;}:root{--page-title-display:none;}<\/style>\t\t<div data-elementor-type=\"wp-page\" data-elementor-id=\"1677\" class=\"elementor elementor-1677\">\n\t\t\t\t<div class=\"elementor-element elementor-element-d353a40 e-flex e-con-boxed e-con e-parent\" data-id=\"d353a40\" data-element_type=\"container\" data-e-type=\"container\">\n\t\t\t\t\t<div class=\"e-con-inner\">\n\t\t\t\t<div class=\"elementor-element elementor-element-a9fc17d elementor-widget elementor-widget-heading\" data-id=\"a9fc17d\" data-element_type=\"widget\" data-e-type=\"widget\" data-widget_type=\"heading.default\">\n\t\t\t\t<div class=\"elementor-widget-container\">\n\t\t\t\t\t<h2 class=\"elementor-heading-title elementor-size-default\">Pol\u00edtica de Privacidad<\/h2>\t\t\t\t<\/div>\n\t\t\t\t<\/div>\n\t\t\t\t<div class=\"elementor-element elementor-element-a024495 elementor-widget elementor-widget-text-editor\" data-id=\"a024495\" data-element_type=\"widget\" data-e-type=\"widget\" data-widget_type=\"text-editor.default\">\n\t\t\t\t<div class=\"elementor-widget-container\">\n\t\t\t\t\t\t\t\t\t<p><b>Introducci\u00f3n<\/b><br \/>En Laguna Azul S.R.L., valoramos su privacidad y estamos comprometidos a proteger sus datos personales. Esta Pol\u00edtica de Privacidad describe c\u00f3mo recopilamos, usamos y protegemos la informaci\u00f3n que nos proporciona a trav\u00e9s de nuestro sitio web.<\/p><p><b>Informaci\u00f3n que Recopilamos<\/b><\/p><ul><li><b>Informaci\u00f3n Personal<\/b>: Podemos recopilar detalles personales como su nombre, direcci\u00f3n de correo electr\u00f3nico, n\u00famero de tel\u00e9fono y otra informaci\u00f3n de contacto cuando complete formularios en nuestro sitio web.<\/li><li><b>Datos de Uso<\/b>: Podemos recopilar informaci\u00f3n sobre c\u00f3mo interact\u00faa con nuestro sitio web, incluida su direcci\u00f3n IP, tipo de navegador y p\u00e1ginas visitadas.<\/li><\/ul><p><b>C\u00f3mo Usamos su Informaci\u00f3n<\/b><\/p><ul><li>Para proporcionar y mejorar nuestros servicios.<\/li><li>Para responder a sus consultas y brindar soporte al cliente.<\/li><li>Para enviarle actualizaciones, promociones o comunicaciones de marketing si decide recibirlas.<\/li><li>Para analizar el uso del sitio web y mejorar la experiencia del usuario.<\/li><\/ul><p><b>Seguridad de los Datos<\/b><br \/>Implementamos medidas de seguridad adecuadas para proteger su informaci\u00f3n personal contra el acceso, divulgaci\u00f3n o alteraci\u00f3n no autorizados.<\/p><p><b>Cookies<\/b><br \/>Nuestro sitio web utiliza cookies para mejorar su experiencia. Puede optar por deshabilitar las cookies a trav\u00e9s de la configuraci\u00f3n de su navegador, aunque esto puede afectar la funcionalidad de nuestro sitio.<\/p><p><b>Enlaces a Terceros<\/b><br \/>Nuestro sitio web puede contener enlaces a sitios web de terceros. No somos responsables de las pr\u00e1cticas de privacidad o el contenido de estos sitios externos.<\/p><p><b>Sus Derechos<\/b><br \/>Usted tiene derecho a acceder, corregir o eliminar su informaci\u00f3n personal. Tambi\u00e9n puede optar por no recibir comunicaciones de marketing en cualquier momento.<\/p><p><b>Cambios en esta Pol\u00edtica<\/b><br \/>Podemos actualizar esta Pol\u00edtica de Privacidad de vez en cuando. Cualquier cambio se publicar\u00e1 en esta p\u00e1gina.<\/p><p><b>Cont\u00e1ctenos<\/b><br \/>Si tiene alguna pregunta o inquietud sobre nuestra Pol\u00edtica de Privacidad, por favor cont\u00e1ctenos en:<br \/>Correo Electr\u00f3nico:\u00a0<em><strong>contactus@lagunaa.com<\/strong><\/em><br \/>Tel\u00e9fono:\u00a0<em><strong>+1 (809) 242-6265<\/strong><\/em><\/p><p>Tel\u00e9fono:\u00a0<em><strong>+1 (809) 564-0060<\/strong><\/em><\/p><p><b>Aviso Legal<\/b><\/p><p><b>Informaci\u00f3n General<\/b><br \/>La informaci\u00f3n proporcionada en este sitio web es solo para fines informativos generales. Laguna Azul S.R.L. no hace representaciones o garant\u00edas de ning\u00fan tipo con respecto a la precisi\u00f3n, integridad o fiabilidad de la informaci\u00f3n en este sitio.<\/p><p><b>Limitaci\u00f3n de Responsabilidad<\/b><br \/>Laguna Azul S.R.L. no ser\u00e1 responsable de ning\u00fan da\u00f1o derivado o en conexi\u00f3n con el uso de este sitio web, incluidos, entre otros, da\u00f1os directos, indirectos, incidentales o consecuentes.<\/p><p><b>Enlaces Externos<\/b><br \/>Nuestro sitio web puede contener enlaces a sitios web de terceros que no son operados por nosotros. No tenemos control ni asumimos ninguna responsabilidad por el contenido o las pr\u00e1cticas de estos sitios.<\/p><p><b>Cambios en el Aviso Legal<\/b><br \/>Laguna Azul S.R.L. se reserva el derecho de realizar cambios en este Aviso Legal en cualquier momento. Cualquier modificaci\u00f3n ser\u00e1 efectiva inmediatamente despu\u00e9s de ser publicada en esta p\u00e1gina.<\/p>\t\t\t\t\t\t\t\t<\/div>\n\t\t\t\t<\/div>\n\t\t\t\t\t<\/div>\n\t\t\t\t<\/div>\n\t\t\t\t<\/div>\n\t\t","protected":false},"excerpt":{"rendered":"<p>Pol\u00edtica de Privacidad Introducci\u00f3nEn Laguna Azul S.R.L., valoramos su privacidad y estamos comprometidos a proteger sus datos personales. Esta Pol\u00edtica de Privacidad describe c\u00f3mo recopilamos, usamos y protegemos la informaci\u00f3n que nos proporciona a trav\u00e9s de nuestro sitio web. Informaci\u00f3n que Recopilamos Informaci\u00f3n Personal: Podemos recopilar detalles personales como su nombre, direcci\u00f3n de correo electr\u00f3nico, [&hellip;]<\/p>\n","protected":false},"author":1,"featured_media":0,"parent":0,"menu_order":0,"comment_status":"closed","ping_status":"closed","template":"","meta":{"_acf_changed":false,"footnotes":""},"class_list":["post-1677","page","type-page","status-publish","hentry"],"acf":[],"_links":{"self":[{"href":"https:\/\/oxigenolagunaazul.com\/staging\/wp-json\/wp\/v2\/pages\/1677","targetHints":{"allow":["GET"]}}],"collection":[{"href":"https:\/\/oxigenolagunaazul.com\/staging\/wp-json\/wp\/v2\/pages"}],"about":[{"href":"https:\/\/oxigenolagunaazul.com\/staging\/wp-json\/wp\/v2\/types\/page"}],"author":[{"embeddable":true,"href":"https:\/\/oxigenolagunaazul.com\/staging\/wp-json\/wp\/v2\/users\/1"}],"replies":[{"embeddable":true,"href":"https:\/\/oxigenolagunaazul.com\/staging\/wp-json\/wp\/v2\/comments?post=1677"}],"version-history":[{"count":10,"href":"https:\/\/oxigenolagunaazul.com\/staging\/wp-json\/wp\/v2\/pages\/1677\/revisions"}],"predecessor-version":[{"id":1688,"href":"https:\/\/oxigenolagunaazul.com\/staging\/wp-json\/wp\/v2\/pages\/1677\/revisions\/1688"}],"wp:attachment":[{"href":"https:\/\/oxigenolagunaazul.com\/staging\/wp-json\/wp\/v2\/media?parent=1677"}],"curies":[{"name":"wp","href":"https:\/\/api.w.org\/{rel}","templated":true}]}}